{"id":8103,"date":"2020-06-09T14:15:07","date_gmt":"2020-06-09T12:15:07","guid":{"rendered":"https:\/\/www.hotelpezzotti.com\/?page_id=8103"},"modified":"2025-12-16T13:37:24","modified_gmt":"2025-12-16T12:37:24","slug":"restaurant","status":"publish","type":"page","link":"https:\/\/www.hotelpezzotti.com\/de\/restaurant\/","title":{"rendered":"Restaurant"},"content":{"rendered":"<p><div class=\"fusion-fullwidth fullwidth-box fusion-builder-row-1 nonhundred-percent-fullwidth non-hundred-percent-height-scrolling\"  style='background-color: #788f1f;background-position: center center;background-repeat: no-repeat;padding-top:110px;padding-right:0px;padding-bottom:110px;padding-left:0px;margin-top: -35px;border-top-width:0px;border-bottom-width:0px;border-color:#eae9e9;border-top-style:solid;border-bottom-style:solid;'><div class=\"fusion-builder-row fusion-row \"><div  class=\"fusion-layout-column fusion_builder_column fusion_builder_column_1_1 fusion-builder-column-0 fusion-one-full fusion-column-first fusion-column-last 1_1\"  style='margin-top:0px;margin-bottom:20px;'><div class=\"fusion-column-wrapper\" style=\"padding: 0px 0px 0px 0px;background-position:left top;background-repeat:no-repeat;-webkit-background-size:cover;-moz-background-size:cover;-o-background-size:cover;background-size:cover;\"   data-bg-url=\"\"><div class=\"fusion-text\"><h1 style=\"margin-top: 0px; text-align: center;\"><span style=\"color: #ffffff;\">Die besondere Zutat f\u00fcr Ihren Urlaub<\/span><\/h1>\n<\/div><div class=\"fusion-sep-clear\"><\/div><div class=\"fusion-separator sep-single sep-solid\" style=\"border-color:#ffffff;border-top-width:1px;margin-left: auto;margin-right: auto;margin-top:;margin-bottom:40px;width:100%;max-width:170px;\"><\/div><div class=\"fusion-text\"><h3 style=\"text-align: center;\"><span style=\"color: #ffffff;\">Leckere Rezepte der Trentino-Tradition, K\u00f6stlichkeiten der mediterranen K\u00fcche und gro\u00dfartige Klassiker: Die gastronomische Vielfalt des Hotels Pezzotti in Pellizzano kann die W\u00fcnsche jedes Gastes erf\u00fcllen.<br \/>\n<\/span><\/h3>\n<\/div><div class=\"fusion-clearfix\"><\/div><\/div><\/div><\/div><\/div><div class=\"fusion-fullwidth fullwidth-box fusion-builder-row-2 nonhundred-percent-fullwidth non-hundred-percent-height-scrolling\"  style='background-color: rgba(255,255,255,0);background-position: center center;background-repeat: no-repeat;padding-top:110px;padding-right:0px;padding-bottom:110px;padding-left:0px;margin-top: -20px;border-top-width:0px;border-bottom-width:0px;border-color:#eae9e9;border-top-style:solid;border-bottom-style:solid;'><div class=\"fusion-builder-row fusion-row \"><div  class=\"fusion-layout-column fusion_builder_column fusion_builder_column_1_1 fusion-builder-column-1 fusion-one-full fusion-column-first fusion-column-last 1_1\"  style='margin-top:0px;margin-bottom:20px;'><div class=\"fusion-column-wrapper\" style=\"padding: 0px 0px 0px 0px;background-position:left top;background-repeat:no-repeat;-webkit-background-size:cover;-moz-background-size:cover;-o-background-size:cover;background-size:cover;\"   data-bg-url=\"\"><div class=\"fusion-text\"><h3 style=\"text-align: center;\"><strong>UNSER RESTAURANT IST AUCH F\u00dcR EXTERNE G\u00c4STE GE\u00d6FFNET<\/strong><\/h3>\n<\/p>\n<p style=\"text-align: center;\"><b>Die originellen und leckeren Kreationen des K\u00fcchenchefs Andrea werden Ihren Gaumen kitzeln.<br \/>\n<\/b><br \/>Die Vorschl\u00e4ge des Hotels Pezzotti reichen von typischen Trentino-Gerichten bis hin zur beliebten mediterranen K\u00fcche, Traditionen, die sich perfekt in die t\u00e4glich angebotenen Gourmet-Men\u00fcs einf\u00fcgen. Der Leitfaden bleibt die Qualit\u00e4t der verwendeten Zutaten und die Pr\u00e4ferenz f\u00fcr lokale und Null-Kilometer-Produkte. Die gastronomischen Spitzenleistungen des Valle di Sole und des Trentino wie Casolet-K\u00e4se und Carne Salada bieten ausreichend Platz.<\/p>\n<h3 style=\"text-align: center;\"><strong>F\u00fcr unsere G\u00e4ste &#8230; der Tag beginnt gro\u00dfartig<\/strong><\/h3>\n<\/p>\n<p style=\"text-align: center;\">Der Tag im Hotel Pezzotti im Val di Sole beginnt mit einem reichhaltigen und abwechslungsreichen Fr\u00fchst\u00fcck, bei dem leckere Croissants, Kuchen, Torten und k\u00f6stliche hausgemachte Desserts triumphieren.<br \/>\nDas Fr\u00fchst\u00fcck wird von 7.30 bis 10.00 Uhr in unserem hellen Speisesaal serviert<\/p>\n<\/p>\n<p style=\"text-align: center;\">Das Abendessen wird von 19.00 bis 20.15 Uhr mit einer Vorspeise am Abend und einer Auswahl an verschiedenen ersten G\u00e4ngen, Hauptgerichten und k\u00f6stlichen Desserts serviert.<\/p>\n<h2 style=\"text-align: center;\">Guten Appetit!<\/h2>\n<\/div><div class=\"fusion-clearfix\"><\/div><\/div><\/div><\/div><\/div><style type=\"text\/css\">.fusion-fullwidth.fusion-builder-row-2 a:not(.fusion-button):not(.fusion-builder-module-control):not(.fusion-social-network-icon):not(.fb-icon-element):not(.fusion-countdown-link):not(.fusion-rollover-link):not(.fusion-rollover-gallery):not(.fusion-button-bar):not(.add_to_cart_button):not(.show_details_button):not(.product_type_external):not(.fusion-quick-view):not(.fusion-rollover-title-link):not(.fusion-breadcrumb-link) , .fusion-fullwidth.fusion-builder-row-2 a:not(.fusion-button):not(.fusion-builder-module-control):not(.fusion-social-network-icon):not(.fb-icon-element):not(.fusion-countdown-link):not(.fusion-rollover-link):not(.fusion-rollover-gallery):not(.fusion-button-bar):not(.add_to_cart_button):not(.show_details_button):not(.product_type_external):not(.fusion-quick-view):not(.fusion-rollover-title-link):not(.fusion-breadcrumb-link):before, .fusion-fullwidth.fusion-builder-row-2 a:not(.fusion-button):not(.fusion-builder-module-control):not(.fusion-social-network-icon):not(.fb-icon-element):not(.fusion-countdown-link):not(.fusion-rollover-link):not(.fusion-rollover-gallery):not(.fusion-button-bar):not(.add_to_cart_button):not(.show_details_button):not(.product_type_external):not(.fusion-quick-view):not(.fusion-rollover-title-link):not(.fusion-breadcrumb-link):after {color: #333333;}.fusion-fullwidth.fusion-builder-row-2 a:not(.fusion-button):not(.fusion-builder-module-control):not(.fusion-social-network-icon):not(.fb-icon-element):not(.fusion-countdown-link):not(.fusion-rollover-link):not(.fusion-rollover-gallery):not(.fusion-button-bar):not(.add_to_cart_button):not(.show_details_button):not(.product_type_external):not(.fusion-quick-view):not(.fusion-rollover-title-link):not(.fusion-breadcrumb-link):hover, .fusion-fullwidth.fusion-builder-row-2 a:not(.fusion-button):not(.fusion-builder-module-control):not(.fusion-social-network-icon):not(.fb-icon-element):not(.fusion-countdown-link):not(.fusion-rollover-link):not(.fusion-rollover-gallery):not(.fusion-button-bar):not(.add_to_cart_button):not(.show_details_button):not(.product_type_external):not(.fusion-quick-view):not(.fusion-rollover-title-link):not(.fusion-breadcrumb-link):hover:before, .fusion-fullwidth.fusion-builder-row-2 a:not(.fusion-button):not(.fusion-builder-module-control):not(.fusion-social-network-icon):not(.fb-icon-element):not(.fusion-countdown-link):not(.fusion-rollover-link):not(.fusion-rollover-gallery):not(.fusion-button-bar):not(.add_to_cart_button):not(.show_details_button):not(.product_type_external):not(.fusion-quick-view):not(.fusion-rollover-title-link):not(.fusion-breadcrumb-link):hover:after {color: #788f1f;}.fusion-fullwidth.fusion-builder-row-2 .pagination a.inactive:hover, .fusion-fullwidth.fusion-builder-row-2 .fusion-filters .fusion-filter.fusion-active a {border-color: #788f1f;}.fusion-fullwidth.fusion-builder-row-2 .pagination .current {border-color: #788f1f; background-color: #788f1f;}.fusion-fullwidth.fusion-builder-row-2 .fusion-filters .fusion-filter.fusion-active a, .fusion-fullwidth.fusion-builder-row-2 .fusion-date-and-formats .fusion-format-box, .fusion-fullwidth.fusion-builder-row-2 .fusion-popover, .fusion-fullwidth.fusion-builder-row-2 .tooltip-shortcode {color: #788f1f;}#main .fusion-fullwidth.fusion-builder-row-2 .post .blog-shortcode-post-title a:hover {color: #788f1f;}<\/style><div class=\"fusion-fullwidth fullwidth-box fusion-builder-row-3 hundred-percent-fullwidth non-hundred-percent-height-scrolling\"  style='background-color: #f0f0ed;background-position: center center;background-repeat: no-repeat;padding-top:20px;padding-right:0px;padding-bottom:20px;padding-left:0px;border-top-width:0px;border-bottom-width:0px;border-color:#eae9e9;border-top-style:solid;border-bottom-style:solid;'><div class=\"fusion-builder-row fusion-row \"><div  class=\"fusion-layout-column fusion_builder_column fusion_builder_column_1_1 fusion-builder-column-2 fusion-one-full fusion-column-first fusion-column-last fusion-column-no-min-height 1_1\"  style='margin-top:0px;margin-bottom:0px;'><div class=\"fusion-column-wrapper\" style=\"padding: 0px 0px 0px 0px;background-position:left top;background-repeat:no-repeat;-webkit-background-size:cover;-moz-background-size:cover;-o-background-size:cover;background-size:cover;\"   data-bg-url=\"\"><div class=\"fusion-clearfix\"><\/div><\/div><\/div><div  class=\"fusion-layout-column fusion_builder_column fusion_builder_column_1_1 fusion-builder-column-3 fusion-one-full fusion-column-first fusion-column-last fusion-column-no-min-height 1_1\"  style='margin-top:0px;margin-bottom:0px;'><div class=\"fusion-column-wrapper\" style=\"padding: 0px 0px 0px 0px;background-position:left top;background-repeat:no-repeat;-webkit-background-size:cover;-moz-background-size:cover;-o-background-size:cover;background-size:cover;\"   data-bg-url=\"\"><div class=\"fusion-image-carousel fusion-image-carousel-auto\"><div class=\"fusion-carousel\" data-autoplay=\"yes\" data-columns=\"3\" data-itemmargin=\"30\" data-itemwidth=\"180\" data-touchscroll=\"yes\" data-imagesize=\"auto\"><div class=\"fusion-carousel-positioner\"><ul class=\"fusion-carousel-holder\"><li class=\"fusion-carousel-item\"><div class=\"fusion-carousel-item-wrapper\"><div class=\"fusion-image-wrapper hover-type-zoomin\"><img loading=\"lazy\" decoding=\"async\" width=\"1700\" height=\"1274\" src=\"https:\/\/www.hotelpezzotti.com\/wp-content\/uploads\/2021\/09\/20210708_173101.jpg\" class=\"attachment-full size-full\" alt=\"\" srcset=\"https:\/\/www.hotelpezzotti.com\/wp-content\/uploads\/2021\/09\/20210708_173101-200x150.jpg 200w, https:\/\/www.hotelpezzotti.com\/wp-content\/uploads\/2021\/09\/20210708_173101-400x300.jpg 400w, https:\/\/www.hotelpezzotti.com\/wp-content\/uploads\/2021\/09\/20210708_173101-600x450.jpg 600w, https:\/\/www.hotelpezzotti.com\/wp-content\/uploads\/2021\/09\/20210708_173101-800x600.jpg 800w, https:\/\/www.hotelpezzotti.com\/wp-content\/uploads\/2021\/09\/20210708_173101-1200x899.jpg 1200w, https:\/\/www.hotelpezzotti.com\/wp-content\/uploads\/2021\/09\/20210708_173101.jpg 1700w\" sizes=\"(min-width: 2200px) 100vw, (min-width: 824px) 347px, (min-width: 732px) 520px, (min-width: 640px) 732px, \" \/><\/div><\/div><\/li><li class=\"fusion-carousel-item\"><div class=\"fusion-carousel-item-wrapper\"><div class=\"fusion-image-wrapper hover-type-zoomin\"><img loading=\"lazy\" decoding=\"async\" width=\"1700\" height=\"1275\" src=\"https:\/\/www.hotelpezzotti.com\/wp-content\/uploads\/2021\/09\/20210606_143637_01.jpg\" class=\"attachment-full size-full\" alt=\"\" srcset=\"https:\/\/www.hotelpezzotti.com\/wp-content\/uploads\/2021\/09\/20210606_143637_01-200x150.jpg 200w, https:\/\/www.hotelpezzotti.com\/wp-content\/uploads\/2021\/09\/20210606_143637_01-400x300.jpg 400w, https:\/\/www.hotelpezzotti.com\/wp-content\/uploads\/2021\/09\/20210606_143637_01-600x450.jpg 600w, https:\/\/www.hotelpezzotti.com\/wp-content\/uploads\/2021\/09\/20210606_143637_01-800x600.jpg 800w, https:\/\/www.hotelpezzotti.com\/wp-content\/uploads\/2021\/09\/20210606_143637_01-1200x900.jpg 1200w, https:\/\/www.hotelpezzotti.com\/wp-content\/uploads\/2021\/09\/20210606_143637_01.jpg 1700w\" sizes=\"(min-width: 2200px) 100vw, (min-width: 824px) 347px, (min-width: 732px) 520px, (min-width: 640px) 732px, \" \/><\/div><\/div><\/li><li class=\"fusion-carousel-item\"><div class=\"fusion-carousel-item-wrapper\"><div class=\"fusion-image-wrapper hover-type-zoomin\"><img loading=\"lazy\" decoding=\"async\" width=\"1700\" height=\"1275\" src=\"https:\/\/www.hotelpezzotti.com\/wp-content\/uploads\/2021\/09\/20210606_144735.jpg\" class=\"attachment-full size-full\" alt=\"\" srcset=\"https:\/\/www.hotelpezzotti.com\/wp-content\/uploads\/2021\/09\/20210606_144735-200x150.jpg 200w, https:\/\/www.hotelpezzotti.com\/wp-content\/uploads\/2021\/09\/20210606_144735-400x300.jpg 400w, https:\/\/www.hotelpezzotti.com\/wp-content\/uploads\/2021\/09\/20210606_144735-600x450.jpg 600w, https:\/\/www.hotelpezzotti.com\/wp-content\/uploads\/2021\/09\/20210606_144735-800x600.jpg 800w, https:\/\/www.hotelpezzotti.com\/wp-content\/uploads\/2021\/09\/20210606_144735-1200x900.jpg 1200w, https:\/\/www.hotelpezzotti.com\/wp-content\/uploads\/2021\/09\/20210606_144735.jpg 1700w\" sizes=\"(min-width: 2200px) 100vw, (min-width: 824px) 347px, (min-width: 732px) 520px, (min-width: 640px) 732px, \" \/><\/div><\/div><\/li><li class=\"fusion-carousel-item\"><div class=\"fusion-carousel-item-wrapper\"><div class=\"fusion-image-wrapper hover-type-zoomin\"><img loading=\"lazy\" decoding=\"async\" width=\"800\" height=\"600\" src=\"https:\/\/www.hotelpezzotti.com\/wp-content\/uploads\/2021\/08\/02_pezzotti.jpg\" class=\"attachment-full size-full\" alt=\"\" srcset=\"https:\/\/www.hotelpezzotti.com\/wp-content\/uploads\/2021\/08\/02_pezzotti-200x150.jpg 200w, https:\/\/www.hotelpezzotti.com\/wp-content\/uploads\/2021\/08\/02_pezzotti-400x300.jpg 400w, https:\/\/www.hotelpezzotti.com\/wp-content\/uploads\/2021\/08\/02_pezzotti-600x450.jpg 600w, https:\/\/www.hotelpezzotti.com\/wp-content\/uploads\/2021\/08\/02_pezzotti.jpg 800w\" sizes=\"(min-width: 2200px) 100vw, (min-width: 824px) 347px, (min-width: 732px) 520px, (min-width: 640px) 732px, \" \/><\/div><\/div><\/li><li class=\"fusion-carousel-item\"><div class=\"fusion-carousel-item-wrapper\"><div class=\"fusion-image-wrapper hover-type-zoomin\"><img loading=\"lazy\" decoding=\"async\" width=\"1900\" height=\"1425\" src=\"https:\/\/www.hotelpezzotti.com\/wp-content\/uploads\/2021\/09\/20210824_180914_01.jpg\" class=\"attachment-full size-full\" alt=\"\" srcset=\"https:\/\/www.hotelpezzotti.com\/wp-content\/uploads\/2021\/09\/20210824_180914_01-200x150.jpg 200w, https:\/\/www.hotelpezzotti.com\/wp-content\/uploads\/2021\/09\/20210824_180914_01-400x300.jpg 400w, https:\/\/www.hotelpezzotti.com\/wp-content\/uploads\/2021\/09\/20210824_180914_01-600x450.jpg 600w, https:\/\/www.hotelpezzotti.com\/wp-content\/uploads\/2021\/09\/20210824_180914_01-800x600.jpg 800w, https:\/\/www.hotelpezzotti.com\/wp-content\/uploads\/2021\/09\/20210824_180914_01-1200x900.jpg 1200w, https:\/\/www.hotelpezzotti.com\/wp-content\/uploads\/2021\/09\/20210824_180914_01.jpg 1900w\" sizes=\"(min-width: 2200px) 100vw, (min-width: 824px) 347px, (min-width: 732px) 520px, (min-width: 640px) 732px, \" \/><\/div><\/div><\/li><li class=\"fusion-carousel-item\"><div class=\"fusion-carousel-item-wrapper\"><div class=\"fusion-image-wrapper hover-type-zoomin\"><img loading=\"lazy\" decoding=\"async\" width=\"716\" height=\"537\" src=\"https:\/\/www.hotelpezzotti.com\/wp-content\/uploads\/2021\/08\/05_pezzotti.jpg\" class=\"attachment-full size-full\" alt=\"\" srcset=\"https:\/\/www.hotelpezzotti.com\/wp-content\/uploads\/2021\/08\/05_pezzotti-200x150.jpg 200w, https:\/\/www.hotelpezzotti.com\/wp-content\/uploads\/2021\/08\/05_pezzotti-400x300.jpg 400w, https:\/\/www.hotelpezzotti.com\/wp-content\/uploads\/2021\/08\/05_pezzotti-600x450.jpg 600w, https:\/\/www.hotelpezzotti.com\/wp-content\/uploads\/2021\/08\/05_pezzotti.jpg 716w\" sizes=\"(min-width: 2200px) 100vw, (min-width: 824px) 347px, (min-width: 732px) 520px, (min-width: 640px) 732px, \" \/><\/div><\/div><\/li><li class=\"fusion-carousel-item\"><div class=\"fusion-carousel-item-wrapper\"><div class=\"fusion-image-wrapper hover-type-zoomin\"><img loading=\"lazy\" decoding=\"async\" width=\"800\" height=\"600\" src=\"https:\/\/www.hotelpezzotti.com\/wp-content\/uploads\/2021\/08\/03_pezzotti.jpg\" class=\"attachment-full size-full\" alt=\"\" srcset=\"https:\/\/www.hotelpezzotti.com\/wp-content\/uploads\/2021\/08\/03_pezzotti-200x150.jpg 200w, https:\/\/www.hotelpezzotti.com\/wp-content\/uploads\/2021\/08\/03_pezzotti-400x300.jpg 400w, https:\/\/www.hotelpezzotti.com\/wp-content\/uploads\/2021\/08\/03_pezzotti-600x450.jpg 600w, https:\/\/www.hotelpezzotti.com\/wp-content\/uploads\/2021\/08\/03_pezzotti.jpg 800w\" sizes=\"(min-width: 2200px) 100vw, (min-width: 824px) 347px, (min-width: 732px) 520px, (min-width: 640px) 732px, \" \/><\/div><\/div><\/li><\/ul><div class=\"fusion-carousel-nav\"><span class=\"fusion-nav-prev\"><\/span><span class=\"fusion-nav-next\"><\/span><\/div><\/div><\/div><\/div><div class=\"fusion-clearfix\"><\/div><\/div><\/div><\/div><\/div><\/p>\n","protected":false},"excerpt":{"rendered":"","protected":false},"author":5,"featured_media":0,"parent":0,"menu_order":0,"comment_status":"closed","ping_status":"closed","template":"100-width.php","meta":{"footnotes":""},"yoast_head":"<!-- This site is optimized with the Yoast SEO plugin v22.5 - https:\/\/yoast.com\/wordpress\/plugins\/seo\/ -->\n<title>Hotel Pezzotti mit Restaurant im Val di Sole - Trentino<\/title>\n<meta name=\"description\" content=\"Im Hotel Pezzotti im Val di Sole entf\u00fchren wir Sie zur Entdeckung der typischen Trentino- und S\u00fcdtiroler Gerichte mit hochwertigen okalen Produkten.\" \/>\n<meta name=\"robots\" content=\"index, follow, max-snippet:-1, max-image-preview:large, max-video-preview:-1\" \/>\n<link rel=\"canonical\" href=\"https:\/\/www.hotelpezzotti.com\/de\/restaurant\/\" \/>\n<meta property=\"og:locale\" content=\"de_DE\" \/>\n<meta property=\"og:type\" content=\"article\" \/>\n<meta property=\"og:title\" content=\"Hotel Pezzotti mit Restaurant im Val di Sole - Trentino\" \/>\n<meta property=\"og:description\" content=\"Im Hotel Pezzotti im Val di Sole entf\u00fchren wir Sie zur Entdeckung der typischen Trentino- und S\u00fcdtiroler Gerichte mit hochwertigen okalen Produkten.\" \/>\n<meta property=\"og:url\" content=\"https:\/\/www.hotelpezzotti.com\/de\/restaurant\/\" \/>\n<meta property=\"og:site_name\" content=\"Hotel Pezzotti\" \/>\n<meta property=\"article:modified_time\" content=\"2025-12-16T12:37:24+00:00\" \/>\n<meta property=\"og:image\" content=\"https:\/\/www.hotelpezzotti.com\/wp-content\/uploads\/2025\/03\/20220605_154118_01.jpg\" \/>\n\t<meta property=\"og:image:width\" content=\"1024\" \/>\n\t<meta property=\"og:image:height\" content=\"768\" \/>\n\t<meta property=\"og:image:type\" content=\"image\/jpeg\" \/>\n<meta name=\"twitter:card\" content=\"summary_large_image\" \/>\n<meta name=\"twitter:label1\" content=\"Gesch\u00e4tzte Lesezeit\" \/>\n\t<meta name=\"twitter:data1\" content=\"6 Minuten\" \/>\n<script type=\"application\/ld+json\" class=\"yoast-schema-graph\">{\"@context\":\"https:\/\/schema.org\",\"@graph\":[{\"@type\":\"WebPage\",\"@id\":\"https:\/\/www.hotelpezzotti.com\/de\/restaurant\/\",\"url\":\"https:\/\/www.hotelpezzotti.com\/de\/restaurant\/\",\"name\":\"Hotel Pezzotti mit Restaurant im Val di Sole - Trentino\",\"isPartOf\":{\"@id\":\"https:\/\/www.hotelpezzotti.com\/de\/#website\"},\"datePublished\":\"2020-06-09T12:15:07+00:00\",\"dateModified\":\"2025-12-16T12:37:24+00:00\",\"description\":\"Im Hotel Pezzotti im Val di Sole entf\u00fchren wir Sie zur Entdeckung der typischen Trentino- und S\u00fcdtiroler Gerichte mit hochwertigen okalen Produkten.\",\"breadcrumb\":{\"@id\":\"https:\/\/www.hotelpezzotti.com\/de\/restaurant\/#breadcrumb\"},\"inLanguage\":\"de-DE\",\"potentialAction\":[{\"@type\":\"ReadAction\",\"target\":[\"https:\/\/www.hotelpezzotti.com\/de\/restaurant\/\"]}]},{\"@type\":\"BreadcrumbList\",\"@id\":\"https:\/\/www.hotelpezzotti.com\/de\/restaurant\/#breadcrumb\",\"itemListElement\":[{\"@type\":\"ListItem\",\"position\":1,\"name\":\"Home\",\"item\":\"https:\/\/www.hotelpezzotti.com\/de\/\"},{\"@type\":\"ListItem\",\"position\":2,\"name\":\"Restaurant\"}]},{\"@type\":\"WebSite\",\"@id\":\"https:\/\/www.hotelpezzotti.com\/de\/#website\",\"url\":\"https:\/\/www.hotelpezzotti.com\/de\/\",\"name\":\"Hotel Pezzotti\",\"description\":\"\",\"publisher\":{\"@id\":\"https:\/\/www.hotelpezzotti.com\/de\/#organization\"},\"potentialAction\":[{\"@type\":\"SearchAction\",\"target\":{\"@type\":\"EntryPoint\",\"urlTemplate\":\"https:\/\/www.hotelpezzotti.com\/de\/?s={search_term_string}\"},\"query-input\":\"required name=search_term_string\"}],\"inLanguage\":\"de-DE\"},{\"@type\":\"Organization\",\"@id\":\"https:\/\/www.hotelpezzotti.com\/de\/#organization\",\"name\":\"Hotel Pezzotti\",\"url\":\"https:\/\/www.hotelpezzotti.com\/de\/\",\"logo\":{\"@type\":\"ImageObject\",\"inLanguage\":\"de-DE\",\"@id\":\"https:\/\/www.hotelpezzotti.com\/de\/#\/schema\/logo\/image\/\",\"url\":\"https:\/\/www.hotelpezzotti.com\/wp-content\/uploads\/2020\/04\/logo__hotel_pezzotti_80.png\",\"contentUrl\":\"https:\/\/www.hotelpezzotti.com\/wp-content\/uploads\/2020\/04\/logo__hotel_pezzotti_80.png\",\"width\":258,\"height\":80,\"caption\":\"Hotel Pezzotti\"},\"image\":{\"@id\":\"https:\/\/www.hotelpezzotti.com\/de\/#\/schema\/logo\/image\/\"}}]}<\/script>\n<!-- \/ Yoast SEO plugin. -->","yoast_head_json":{"title":"Hotel Pezzotti mit Restaurant im Val di Sole - Trentino","description":"Im Hotel Pezzotti im Val di Sole entf\u00fchren wir Sie zur Entdeckung der typischen Trentino- und S\u00fcdtiroler Gerichte mit hochwertigen okalen Produkten.","robots":{"index":"index","follow":"follow","max-snippet":"max-snippet:-1","max-image-preview":"max-image-preview:large","max-video-preview":"max-video-preview:-1"},"canonical":"https:\/\/www.hotelpezzotti.com\/de\/restaurant\/","og_locale":"de_DE","og_type":"article","og_title":"Hotel Pezzotti mit Restaurant im Val di Sole - Trentino","og_description":"Im Hotel Pezzotti im Val di Sole entf\u00fchren wir Sie zur Entdeckung der typischen Trentino- und S\u00fcdtiroler Gerichte mit hochwertigen okalen Produkten.","og_url":"https:\/\/www.hotelpezzotti.com\/de\/restaurant\/","og_site_name":"Hotel Pezzotti","article_modified_time":"2025-12-16T12:37:24+00:00","og_image":[{"width":1024,"height":768,"url":"https:\/\/www.hotelpezzotti.com\/wp-content\/uploads\/2025\/03\/20220605_154118_01.jpg","type":"image\/jpeg"}],"twitter_card":"summary_large_image","twitter_misc":{"Gesch\u00e4tzte Lesezeit":"6 Minuten"},"schema":{"@context":"https:\/\/schema.org","@graph":[{"@type":"WebPage","@id":"https:\/\/www.hotelpezzotti.com\/de\/restaurant\/","url":"https:\/\/www.hotelpezzotti.com\/de\/restaurant\/","name":"Hotel Pezzotti mit Restaurant im Val di Sole - Trentino","isPartOf":{"@id":"https:\/\/www.hotelpezzotti.com\/de\/#website"},"datePublished":"2020-06-09T12:15:07+00:00","dateModified":"2025-12-16T12:37:24+00:00","description":"Im Hotel Pezzotti im Val di Sole entf\u00fchren wir Sie zur Entdeckung der typischen Trentino- und S\u00fcdtiroler Gerichte mit hochwertigen okalen Produkten.","breadcrumb":{"@id":"https:\/\/www.hotelpezzotti.com\/de\/restaurant\/#breadcrumb"},"inLanguage":"de-DE","potentialAction":[{"@type":"ReadAction","target":["https:\/\/www.hotelpezzotti.com\/de\/restaurant\/"]}]},{"@type":"BreadcrumbList","@id":"https:\/\/www.hotelpezzotti.com\/de\/restaurant\/#breadcrumb","itemListElement":[{"@type":"ListItem","position":1,"name":"Home","item":"https:\/\/www.hotelpezzotti.com\/de\/"},{"@type":"ListItem","position":2,"name":"Restaurant"}]},{"@type":"WebSite","@id":"https:\/\/www.hotelpezzotti.com\/de\/#website","url":"https:\/\/www.hotelpezzotti.com\/de\/","name":"Hotel Pezzotti","description":"","publisher":{"@id":"https:\/\/www.hotelpezzotti.com\/de\/#organization"},"potentialAction":[{"@type":"SearchAction","target":{"@type":"EntryPoint","urlTemplate":"https:\/\/www.hotelpezzotti.com\/de\/?s={search_term_string}"},"query-input":"required name=search_term_string"}],"inLanguage":"de-DE"},{"@type":"Organization","@id":"https:\/\/www.hotelpezzotti.com\/de\/#organization","name":"Hotel Pezzotti","url":"https:\/\/www.hotelpezzotti.com\/de\/","logo":{"@type":"ImageObject","inLanguage":"de-DE","@id":"https:\/\/www.hotelpezzotti.com\/de\/#\/schema\/logo\/image\/","url":"https:\/\/www.hotelpezzotti.com\/wp-content\/uploads\/2020\/04\/logo__hotel_pezzotti_80.png","contentUrl":"https:\/\/www.hotelpezzotti.com\/wp-content\/uploads\/2020\/04\/logo__hotel_pezzotti_80.png","width":258,"height":80,"caption":"Hotel Pezzotti"},"image":{"@id":"https:\/\/www.hotelpezzotti.com\/de\/#\/schema\/logo\/image\/"}}]}},"publishpress_future_action":{"enabled":false,"date":"2026-04-20 01:58:44","action":"change-status","newStatus":"private","terms":[],"taxonomy":"translation_priority"},"_links":{"self":[{"href":"https:\/\/www.hotelpezzotti.com\/de\/wp-json\/wp\/v2\/pages\/8103"}],"collection":[{"href":"https:\/\/www.hotelpezzotti.com\/de\/wp-json\/wp\/v2\/pages"}],"about":[{"href":"https:\/\/www.hotelpezzotti.com\/de\/wp-json\/wp\/v2\/types\/page"}],"author":[{"embeddable":true,"href":"https:\/\/www.hotelpezzotti.com\/de\/wp-json\/wp\/v2\/users\/5"}],"replies":[{"embeddable":true,"href":"https:\/\/www.hotelpezzotti.com\/de\/wp-json\/wp\/v2\/comments?post=8103"}],"version-history":[{"count":25,"href":"https:\/\/www.hotelpezzotti.com\/de\/wp-json\/wp\/v2\/pages\/8103\/revisions"}],"predecessor-version":[{"id":10568,"href":"https:\/\/www.hotelpezzotti.com\/de\/wp-json\/wp\/v2\/pages\/8103\/revisions\/10568"}],"wp:attachment":[{"href":"https:\/\/www.hotelpezzotti.com\/de\/wp-json\/wp\/v2\/media?parent=8103"}],"curies":[{"name":"wp","href":"https:\/\/api.w.org\/{rel}","templated":true}]}}