{"id":7089,"date":"2019-12-23T18:07:42","date_gmt":"2019-12-23T17:07:42","guid":{"rendered":"https:\/\/www.hotelpezzotti.com\/?page_id=7089"},"modified":"2026-01-12T12:34:54","modified_gmt":"2026-01-12T11:34:54","slug":"relax","status":"publish","type":"page","link":"https:\/\/www.hotelpezzotti.com\/de\/relax\/","title":{"rendered":"Relax"},"content":{"rendered":"<p><div class=\"fusion-fullwidth fullwidth-box fusion-builder-row-1 nonhundred-percent-fullwidth non-hundred-percent-height-scrolling\"  style='background-color: #788f1f;background-position: center center;background-repeat: no-repeat;padding-top:110px;padding-right:0px;padding-bottom:110px;padding-left:0px;margin-top: -35px;border-top-width:0px;border-bottom-width:0px;border-color:#eae9e9;border-top-style:solid;border-bottom-style:solid;'><div class=\"fusion-builder-row fusion-row \"><div  class=\"fusion-layout-column fusion_builder_column fusion_builder_column_1_1 fusion-builder-column-0 fusion-one-full fusion-column-first fusion-column-last 1_1\"  style='margin-top:0px;margin-bottom:20px;'><div class=\"fusion-column-wrapper\" style=\"padding: 0px 0px 0px 0px;background-position:left top;background-repeat:no-repeat;-webkit-background-size:cover;-moz-background-size:cover;-o-background-size:cover;background-size:cover;\"   data-bg-url=\"\"><div class=\"fusion-text\"><h1 style=\"margin-top: 0px; text-align: center;\"><span style=\"color: #ffffff;\">Wir sorgen uns um Ihr Wohlbefinden<\/span><\/h1>\n<\/div><div class=\"fusion-sep-clear\"><\/div><div class=\"fusion-separator sep-single sep-solid\" style=\"border-color:#ffffff;border-top-width:1px;margin-left: auto;margin-right: auto;margin-top:;margin-bottom:40px;width:100%;max-width:170px;\"><\/div><div class=\"fusion-text\"><h3 style=\"text-align: center;\"><span style=\"color: #ffffff;\">F\u00fcr die R\u00fcckkehr nach Aktivit\u00e4ten im Freien haben wir an einen Bereich gedacht, in dem Sie sich entspannen k\u00f6nnen &#8230; Umgeben vom Duft des Holzes k\u00f6nnen Sie sich durch das alpine Wohlbefinden verw\u00f6hnen lassen.<\/span><\/h3>\n<\/div><div class=\"fusion-clearfix\"><\/div><\/div><\/div><div  class=\"fusion-layout-column fusion_builder_column fusion_builder_column_1_1 fusion-builder-column-1 fusion-one-full fusion-column-first fusion-column-last 1_1\"  style='margin-top:0px;margin-bottom:20px;'><div class=\"fusion-column-wrapper\" style=\"padding: 0px 0px 0px 0px;background-position:left top;background-repeat:no-repeat;-webkit-background-size:cover;-moz-background-size:cover;-o-background-size:cover;background-size:cover;\"   data-bg-url=\"\"><div class=\"fusion-text\"><h3 style=\"text-align: center;\"><strong><span style=\"color: #ffffff;\">Schwimmbad ge\u00f6ffnet von 10:00 bis 19:00 Uhr<\/p>\n<p>(Kinder sind bis 17:30 Uhr willkommen)<\/p>\n<p><\/span><\/strong><\/h3>\n<h3 style=\"text-align: center;\"><span style=\"color: #ffffff;\"><strong>Saunen und t\u00fcrkische B\u00e4der von 15:00 bis 19:00 Uhr<\/strong><br \/>\n<\/span><\/h3>\n<\/div><div class=\"fusion-clearfix\"><\/div><\/div><\/div><\/div><\/div><div class=\"fusion-fullwidth fullwidth-box fusion-builder-row-2 nonhundred-percent-fullwidth non-hundred-percent-height-scrolling\"  style='background-color: #5f5752;background-position: center center;background-repeat: no-repeat;padding-top:110px;padding-right:0px;padding-bottom:110px;padding-left:0px;margin-top: -20px;border-top-width:0px;border-bottom-width:0px;border-color:#eae9e9;border-top-style:solid;border-bottom-style:solid;'><div class=\"fusion-builder-row fusion-row \"><div  class=\"fusion-layout-column fusion_builder_column fusion_builder_column_1_1 fusion-builder-column-2 fusion-one-full fusion-column-first fusion-column-last fusion-column-no-min-height 1_1\"  style='margin-top:0px;margin-bottom:0px;'><div class=\"fusion-column-wrapper\" style=\"padding: 0px 0px 0px 0px;background-position:left top;background-repeat:no-repeat;-webkit-background-size:cover;-moz-background-size:cover;-o-background-size:cover;background-size:cover;\"   data-bg-url=\"\"><div class=\"fusion-sep-clear\"><\/div><div class=\"fusion-separator sep-single sep-solid separator-right\" style=\"border-color:#ffffff;border-top-width:1px;margin-left: auto;margin-right: auto;margin-top:0px;margin-bottom:30px;width:100%;max-width:170px;\"><\/div><div class=\"fusion-text\"><h2 style=\"text-align: center;\"><span style=\"color: #ffffff;\">T\u00e4glich f\u00fcr Sie verf\u00fcgbar:<\/span><\/h2>\n<p>\n<\/div><ul class=\"fusion-checklist fusion-checklist-1\" style=\"font-size:28px;line-height:47.6px;\"><li class=\"fusion-li-item\"><span style=\"height:47.6px;width:47.6px;margin-right:19.6px;\" class=\"icon-wrapper circle-no\"><i class=\"fusion-li-icon fa-heart fas\" style=\"color:#ffffff;\"><\/i><\/span><div class=\"fusion-li-item-content\" style=\"margin-left:67.2px;\">\n<p style=\"text-align: left;\"><span style=\"color: #ffffff;\"><span style=\"caret-color: #ffffff;\">Ruhebereich mit Kr\u00e4utertee und frischem Obst<\/span><\/span><\/p>\n<\/div><\/li><li class=\"fusion-li-item\"><span style=\"height:47.6px;width:47.6px;margin-right:19.6px;\" class=\"icon-wrapper circle-no\"><i class=\"fusion-li-icon fa-heart fas\" style=\"color:#ffffff;\"><\/i><\/span><div class=\"fusion-li-item-content\" style=\"margin-left:67.2px;\">\n<p style=\"text-align: left;\"><span style=\"color: #ffffff;\">Kleines Becken mit 32\u00b0C und Wasserfall<\/span><\/span><\/p>\n<\/div><\/li><li class=\"fusion-li-item\"><span style=\"height:47.6px;width:47.6px;margin-right:19.6px;\" class=\"icon-wrapper circle-no\"><i class=\"fusion-li-icon fa-heart fas\" style=\"color:#ffffff;\"><\/i><\/span><div class=\"fusion-li-item-content\" style=\"margin-left:67.2px;\">\n<p style=\"text-align: left;\"><span style=\"color: #ffffff;\"><span style=\"caret-color: #ffffff;\">Dampfbad bei 50\u00b0C mit 90 % Luftfeuchtigkeit<\/span><\/span><\/p>\n<\/div><\/li><li class=\"fusion-li-item\"><span style=\"height:47.6px;width:47.6px;margin-right:19.6px;\" class=\"icon-wrapper circle-no\"><i class=\"fusion-li-icon fa-heart fas\" style=\"color:#ffffff;\"><\/i><\/span><div class=\"fusion-li-item-content\" style=\"margin-left:67.2px;\">\n<p style=\"text-align: left;\"><span style=\"color: #ffffff;\"><span style=\"caret-color: #ffffff;\">Sauna bei 80\u00b0C<\/span><\/span><\/p>\n<\/div><\/li><li class=\"fusion-li-item\"><span style=\"height:47.6px;width:47.6px;margin-right:19.6px;\" class=\"icon-wrapper circle-no\"><i class=\"fusion-li-icon fa-heart fas\" style=\"color:#ffffff;\"><\/i><\/span><div class=\"fusion-li-item-content\" style=\"margin-left:67.2px;\">\n<p style=\"text-align: left;\"><span style=\"color: #ffffff;\"><span style=\"caret-color: #ffffff;\">Bio-Sauna bei 50\u00b0C mit 40 % Luftfeuchtigkeit<\/span><\/span><\/p>\n<\/div><\/li><li class=\"fusion-li-item\"><span style=\"height:47.6px;width:47.6px;margin-right:19.6px;\" class=\"icon-wrapper circle-no\"><i class=\"fusion-li-icon fa-heart fas\" style=\"color:#ffffff;\"><\/i><\/span><div class=\"fusion-li-item-content\" style=\"margin-left:67.2px;\"><span style=\"color: #ffffff;\">Dusche<\/span><\/div><\/li><\/ul><div class=\"fusion-clearfix\"><\/div><\/div><\/div><\/div><\/div><div class=\"fusion-fullwidth fullwidth-box fusion-builder-row-3 hundred-percent-fullwidth non-hundred-percent-height-scrolling\"  style='background-color: #f0f0ed;background-position: center center;background-repeat: no-repeat;padding-top:20px;padding-right:0px;padding-bottom:20px;padding-left:0px;border-top-width:0px;border-bottom-width:0px;border-color:#eae9e9;border-top-style:solid;border-bottom-style:solid;'><div class=\"fusion-builder-row fusion-row \"><div  class=\"fusion-layout-column fusion_builder_column fusion_builder_column_1_1 fusion-builder-column-3 fusion-one-full fusion-column-first fusion-column-last fusion-column-no-min-height 1_1\"  style='margin-top:0px;margin-bottom:0px;'><div class=\"fusion-column-wrapper\" style=\"padding: 0px 0px 0px 0px;background-position:left top;background-repeat:no-repeat;-webkit-background-size:cover;-moz-background-size:cover;-o-background-size:cover;background-size:cover;\"   data-bg-url=\"\"><div class=\"fusion-image-carousel fusion-image-carousel-auto\"><div class=\"fusion-carousel\" data-autoplay=\"yes\" data-columns=\"3\" data-itemmargin=\"30\" data-itemwidth=\"180\" data-touchscroll=\"yes\" data-imagesize=\"auto\" data-scrollitems=\"1\"><div class=\"fusion-carousel-positioner\"><ul class=\"fusion-carousel-holder\"><li class=\"fusion-carousel-item\"><div class=\"fusion-carousel-item-wrapper\"><div class=\"fusion-image-wrapper hover-type-zoomin\"><img loading=\"lazy\" decoding=\"async\" width=\"640\" height=\"480\" src=\"https:\/\/www.hotelpezzotti.com\/wp-content\/uploads\/2026\/01\/01.jpg\" class=\"attachment-full size-full\" alt=\"\" srcset=\"https:\/\/www.hotelpezzotti.com\/wp-content\/uploads\/2026\/01\/01-200x150.jpg 200w, https:\/\/www.hotelpezzotti.com\/wp-content\/uploads\/2026\/01\/01-400x300.jpg 400w, https:\/\/www.hotelpezzotti.com\/wp-content\/uploads\/2026\/01\/01-600x450.jpg 600w, https:\/\/www.hotelpezzotti.com\/wp-content\/uploads\/2026\/01\/01.jpg 640w\" sizes=\"(min-width: 2200px) 100vw, (min-width: 824px) 347px, (min-width: 732px) 520px, (min-width: 640px) 732px, \" \/><\/div><\/div><\/li><li class=\"fusion-carousel-item\"><div class=\"fusion-carousel-item-wrapper\"><div class=\"fusion-image-wrapper hover-type-zoomin\"><img loading=\"lazy\" decoding=\"async\" width=\"1200\" height=\"900\" src=\"https:\/\/www.hotelpezzotti.com\/wp-content\/uploads\/2025\/12\/4_5.jpeg\" class=\"attachment-full size-full\" alt=\"\" srcset=\"https:\/\/www.hotelpezzotti.com\/wp-content\/uploads\/2025\/12\/4_5-200x150.jpeg 200w, https:\/\/www.hotelpezzotti.com\/wp-content\/uploads\/2025\/12\/4_5-400x300.jpeg 400w, https:\/\/www.hotelpezzotti.com\/wp-content\/uploads\/2025\/12\/4_5-600x450.jpeg 600w, https:\/\/www.hotelpezzotti.com\/wp-content\/uploads\/2025\/12\/4_5-800x600.jpeg 800w, https:\/\/www.hotelpezzotti.com\/wp-content\/uploads\/2025\/12\/4_5.jpeg 1200w\" sizes=\"(min-width: 2200px) 100vw, (min-width: 824px) 347px, (min-width: 732px) 520px, (min-width: 640px) 732px, \" \/><\/div><\/div><\/li><li class=\"fusion-carousel-item\"><div class=\"fusion-carousel-item-wrapper\"><div class=\"fusion-image-wrapper hover-type-zoomin\"><img loading=\"lazy\" decoding=\"async\" width=\"1200\" height=\"900\" src=\"https:\/\/www.hotelpezzotti.com\/wp-content\/uploads\/2025\/12\/4_3_sauna.jpeg\" class=\"attachment-full size-full\" alt=\"\" srcset=\"https:\/\/www.hotelpezzotti.com\/wp-content\/uploads\/2025\/12\/4_3_sauna-200x150.jpeg 200w, https:\/\/www.hotelpezzotti.com\/wp-content\/uploads\/2025\/12\/4_3_sauna-400x300.jpeg 400w, https:\/\/www.hotelpezzotti.com\/wp-content\/uploads\/2025\/12\/4_3_sauna-600x450.jpeg 600w, https:\/\/www.hotelpezzotti.com\/wp-content\/uploads\/2025\/12\/4_3_sauna-800x600.jpeg 800w, https:\/\/www.hotelpezzotti.com\/wp-content\/uploads\/2025\/12\/4_3_sauna.jpeg 1200w\" sizes=\"(min-width: 2200px) 100vw, (min-width: 824px) 347px, (min-width: 732px) 520px, (min-width: 640px) 732px, \" \/><\/div><\/div><\/li><li class=\"fusion-carousel-item\"><div class=\"fusion-carousel-item-wrapper\"><div class=\"fusion-image-wrapper hover-type-zoomin\"><img loading=\"lazy\" decoding=\"async\" width=\"1200\" height=\"900\" src=\"https:\/\/www.hotelpezzotti.com\/wp-content\/uploads\/2025\/12\/4_3_tisaneria.jpeg\" class=\"attachment-full size-full\" alt=\"\" srcset=\"https:\/\/www.hotelpezzotti.com\/wp-content\/uploads\/2025\/12\/4_3_tisaneria-200x150.jpeg 200w, https:\/\/www.hotelpezzotti.com\/wp-content\/uploads\/2025\/12\/4_3_tisaneria-400x300.jpeg 400w, https:\/\/www.hotelpezzotti.com\/wp-content\/uploads\/2025\/12\/4_3_tisaneria-600x450.jpeg 600w, https:\/\/www.hotelpezzotti.com\/wp-content\/uploads\/2025\/12\/4_3_tisaneria-800x600.jpeg 800w, https:\/\/www.hotelpezzotti.com\/wp-content\/uploads\/2025\/12\/4_3_tisaneria.jpeg 1200w\" sizes=\"(min-width: 2200px) 100vw, (min-width: 824px) 347px, (min-width: 732px) 520px, (min-width: 640px) 732px, \" \/><\/div><\/div><\/li><li class=\"fusion-carousel-item\"><div class=\"fusion-carousel-item-wrapper\"><div class=\"fusion-image-wrapper hover-type-zoomin\"><img loading=\"lazy\" decoding=\"async\" width=\"640\" height=\"480\" src=\"https:\/\/www.hotelpezzotti.com\/wp-content\/uploads\/2026\/01\/02.jpg\" class=\"attachment-full size-full\" alt=\"\" srcset=\"https:\/\/www.hotelpezzotti.com\/wp-content\/uploads\/2026\/01\/02-200x150.jpg 200w, https:\/\/www.hotelpezzotti.com\/wp-content\/uploads\/2026\/01\/02-400x300.jpg 400w, https:\/\/www.hotelpezzotti.com\/wp-content\/uploads\/2026\/01\/02-600x450.jpg 600w, https:\/\/www.hotelpezzotti.com\/wp-content\/uploads\/2026\/01\/02.jpg 640w\" sizes=\"(min-width: 2200px) 100vw, (min-width: 824px) 347px, (min-width: 732px) 520px, (min-width: 640px) 732px, \" \/><\/div><\/div><\/li><\/ul><div class=\"fusion-carousel-nav\"><span class=\"fusion-nav-prev\"><\/span><span class=\"fusion-nav-next\"><\/span><\/div><\/div><\/div><\/div><div class=\"fusion-clearfix\"><\/div><\/div><\/div><\/div><\/div><\/p>\n","protected":false},"excerpt":{"rendered":"","protected":false},"author":5,"featured_media":0,"parent":0,"menu_order":0,"comment_status":"closed","ping_status":"closed","template":"100-width.php","meta":{"footnotes":""},"yoast_head":"<!-- This site is optimized with the Yoast SEO plugin v22.5 - https:\/\/yoast.com\/wordpress\/plugins\/seo\/ -->\n<title>Hotel mit Wellnesscenter im Val di Sole - Trentino - Hotel Pezzotti<\/title>\n<meta name=\"description\" content=\"Im Hotel Pezzotti in Pellizzano im Val di Sole k\u00f6nnen Sie Ihren Urlaub im Trentino mit regenerierenden Momenten des Wohlbefindens in unserem Wellnesscenter verbinden.\" \/>\n<meta name=\"robots\" content=\"index, follow, max-snippet:-1, max-image-preview:large, max-video-preview:-1\" \/>\n<link rel=\"canonical\" href=\"https:\/\/www.hotelpezzotti.com\/de\/relax\/\" \/>\n<meta property=\"og:locale\" content=\"de_DE\" \/>\n<meta property=\"og:type\" content=\"article\" \/>\n<meta property=\"og:title\" content=\"Hotel mit Wellnesscenter im Val di Sole - Trentino - Hotel Pezzotti\" \/>\n<meta property=\"og:description\" content=\"Im Hotel Pezzotti in Pellizzano im Val di Sole k\u00f6nnen Sie Ihren Urlaub im Trentino mit regenerierenden Momenten des Wohlbefindens in unserem Wellnesscenter verbinden.\" \/>\n<meta property=\"og:url\" content=\"https:\/\/www.hotelpezzotti.com\/de\/relax\/\" \/>\n<meta property=\"og:site_name\" content=\"Hotel Pezzotti\" \/>\n<meta property=\"article:modified_time\" content=\"2026-01-12T11:34:54+00:00\" \/>\n<meta property=\"og:image\" content=\"https:\/\/www.hotelpezzotti.com\/wp-content\/uploads\/2025\/03\/20220605_154118_01.jpg\" \/>\n\t<meta property=\"og:image:width\" content=\"1024\" \/>\n\t<meta property=\"og:image:height\" content=\"768\" \/>\n\t<meta property=\"og:image:type\" content=\"image\/jpeg\" \/>\n<meta name=\"twitter:card\" content=\"summary_large_image\" \/>\n<meta name=\"twitter:label1\" content=\"Gesch\u00e4tzte Lesezeit\" \/>\n\t<meta name=\"twitter:data1\" content=\"6 Minuten\" \/>\n<script type=\"application\/ld+json\" class=\"yoast-schema-graph\">{\"@context\":\"https:\/\/schema.org\",\"@graph\":[{\"@type\":\"WebPage\",\"@id\":\"https:\/\/www.hotelpezzotti.com\/de\/relax\/\",\"url\":\"https:\/\/www.hotelpezzotti.com\/de\/relax\/\",\"name\":\"Hotel mit Wellnesscenter im Val di Sole - Trentino - Hotel Pezzotti\",\"isPartOf\":{\"@id\":\"https:\/\/www.hotelpezzotti.com\/de\/#website\"},\"datePublished\":\"2019-12-23T17:07:42+00:00\",\"dateModified\":\"2026-01-12T11:34:54+00:00\",\"description\":\"Im Hotel Pezzotti in Pellizzano im Val di Sole k\u00f6nnen Sie Ihren Urlaub im Trentino mit regenerierenden Momenten des Wohlbefindens in unserem Wellnesscenter verbinden.\",\"breadcrumb\":{\"@id\":\"https:\/\/www.hotelpezzotti.com\/de\/relax\/#breadcrumb\"},\"inLanguage\":\"de-DE\",\"potentialAction\":[{\"@type\":\"ReadAction\",\"target\":[\"https:\/\/www.hotelpezzotti.com\/de\/relax\/\"]}]},{\"@type\":\"BreadcrumbList\",\"@id\":\"https:\/\/www.hotelpezzotti.com\/de\/relax\/#breadcrumb\",\"itemListElement\":[{\"@type\":\"ListItem\",\"position\":1,\"name\":\"Home\",\"item\":\"https:\/\/www.hotelpezzotti.com\/de\/\"},{\"@type\":\"ListItem\",\"position\":2,\"name\":\"Relax\"}]},{\"@type\":\"WebSite\",\"@id\":\"https:\/\/www.hotelpezzotti.com\/de\/#website\",\"url\":\"https:\/\/www.hotelpezzotti.com\/de\/\",\"name\":\"Hotel Pezzotti\",\"description\":\"\",\"publisher\":{\"@id\":\"https:\/\/www.hotelpezzotti.com\/de\/#organization\"},\"potentialAction\":[{\"@type\":\"SearchAction\",\"target\":{\"@type\":\"EntryPoint\",\"urlTemplate\":\"https:\/\/www.hotelpezzotti.com\/de\/?s={search_term_string}\"},\"query-input\":\"required name=search_term_string\"}],\"inLanguage\":\"de-DE\"},{\"@type\":\"Organization\",\"@id\":\"https:\/\/www.hotelpezzotti.com\/de\/#organization\",\"name\":\"Hotel Pezzotti\",\"url\":\"https:\/\/www.hotelpezzotti.com\/de\/\",\"logo\":{\"@type\":\"ImageObject\",\"inLanguage\":\"de-DE\",\"@id\":\"https:\/\/www.hotelpezzotti.com\/de\/#\/schema\/logo\/image\/\",\"url\":\"https:\/\/www.hotelpezzotti.com\/wp-content\/uploads\/2020\/04\/logo__hotel_pezzotti_80.png\",\"contentUrl\":\"https:\/\/www.hotelpezzotti.com\/wp-content\/uploads\/2020\/04\/logo__hotel_pezzotti_80.png\",\"width\":258,\"height\":80,\"caption\":\"Hotel Pezzotti\"},\"image\":{\"@id\":\"https:\/\/www.hotelpezzotti.com\/de\/#\/schema\/logo\/image\/\"}}]}<\/script>\n<!-- \/ Yoast SEO plugin. -->","yoast_head_json":{"title":"Hotel mit Wellnesscenter im Val di Sole - Trentino - Hotel Pezzotti","description":"Im Hotel Pezzotti in Pellizzano im Val di Sole k\u00f6nnen Sie Ihren Urlaub im Trentino mit regenerierenden Momenten des Wohlbefindens in unserem Wellnesscenter verbinden.","robots":{"index":"index","follow":"follow","max-snippet":"max-snippet:-1","max-image-preview":"max-image-preview:large","max-video-preview":"max-video-preview:-1"},"canonical":"https:\/\/www.hotelpezzotti.com\/de\/relax\/","og_locale":"de_DE","og_type":"article","og_title":"Hotel mit Wellnesscenter im Val di Sole - Trentino - Hotel Pezzotti","og_description":"Im Hotel Pezzotti in Pellizzano im Val di Sole k\u00f6nnen Sie Ihren Urlaub im Trentino mit regenerierenden Momenten des Wohlbefindens in unserem Wellnesscenter verbinden.","og_url":"https:\/\/www.hotelpezzotti.com\/de\/relax\/","og_site_name":"Hotel Pezzotti","article_modified_time":"2026-01-12T11:34:54+00:00","og_image":[{"width":1024,"height":768,"url":"https:\/\/www.hotelpezzotti.com\/wp-content\/uploads\/2025\/03\/20220605_154118_01.jpg","type":"image\/jpeg"}],"twitter_card":"summary_large_image","twitter_misc":{"Gesch\u00e4tzte Lesezeit":"6 Minuten"},"schema":{"@context":"https:\/\/schema.org","@graph":[{"@type":"WebPage","@id":"https:\/\/www.hotelpezzotti.com\/de\/relax\/","url":"https:\/\/www.hotelpezzotti.com\/de\/relax\/","name":"Hotel mit Wellnesscenter im Val di Sole - Trentino - Hotel Pezzotti","isPartOf":{"@id":"https:\/\/www.hotelpezzotti.com\/de\/#website"},"datePublished":"2019-12-23T17:07:42+00:00","dateModified":"2026-01-12T11:34:54+00:00","description":"Im Hotel Pezzotti in Pellizzano im Val di Sole k\u00f6nnen Sie Ihren Urlaub im Trentino mit regenerierenden Momenten des Wohlbefindens in unserem Wellnesscenter verbinden.","breadcrumb":{"@id":"https:\/\/www.hotelpezzotti.com\/de\/relax\/#breadcrumb"},"inLanguage":"de-DE","potentialAction":[{"@type":"ReadAction","target":["https:\/\/www.hotelpezzotti.com\/de\/relax\/"]}]},{"@type":"BreadcrumbList","@id":"https:\/\/www.hotelpezzotti.com\/de\/relax\/#breadcrumb","itemListElement":[{"@type":"ListItem","position":1,"name":"Home","item":"https:\/\/www.hotelpezzotti.com\/de\/"},{"@type":"ListItem","position":2,"name":"Relax"}]},{"@type":"WebSite","@id":"https:\/\/www.hotelpezzotti.com\/de\/#website","url":"https:\/\/www.hotelpezzotti.com\/de\/","name":"Hotel Pezzotti","description":"","publisher":{"@id":"https:\/\/www.hotelpezzotti.com\/de\/#organization"},"potentialAction":[{"@type":"SearchAction","target":{"@type":"EntryPoint","urlTemplate":"https:\/\/www.hotelpezzotti.com\/de\/?s={search_term_string}"},"query-input":"required name=search_term_string"}],"inLanguage":"de-DE"},{"@type":"Organization","@id":"https:\/\/www.hotelpezzotti.com\/de\/#organization","name":"Hotel Pezzotti","url":"https:\/\/www.hotelpezzotti.com\/de\/","logo":{"@type":"ImageObject","inLanguage":"de-DE","@id":"https:\/\/www.hotelpezzotti.com\/de\/#\/schema\/logo\/image\/","url":"https:\/\/www.hotelpezzotti.com\/wp-content\/uploads\/2020\/04\/logo__hotel_pezzotti_80.png","contentUrl":"https:\/\/www.hotelpezzotti.com\/wp-content\/uploads\/2020\/04\/logo__hotel_pezzotti_80.png","width":258,"height":80,"caption":"Hotel Pezzotti"},"image":{"@id":"https:\/\/www.hotelpezzotti.com\/de\/#\/schema\/logo\/image\/"}}]}},"publishpress_future_action":{"enabled":false,"date":"2026-04-28 13:23:18","action":"change-status","newStatus":"private","terms":[],"taxonomy":"translation_priority"},"_links":{"self":[{"href":"https:\/\/www.hotelpezzotti.com\/de\/wp-json\/wp\/v2\/pages\/7089"}],"collection":[{"href":"https:\/\/www.hotelpezzotti.com\/de\/wp-json\/wp\/v2\/pages"}],"about":[{"href":"https:\/\/www.hotelpezzotti.com\/de\/wp-json\/wp\/v2\/types\/page"}],"author":[{"embeddable":true,"href":"https:\/\/www.hotelpezzotti.com\/de\/wp-json\/wp\/v2\/users\/5"}],"replies":[{"embeddable":true,"href":"https:\/\/www.hotelpezzotti.com\/de\/wp-json\/wp\/v2\/comments?post=7089"}],"version-history":[{"count":30,"href":"https:\/\/www.hotelpezzotti.com\/de\/wp-json\/wp\/v2\/pages\/7089\/revisions"}],"predecessor-version":[{"id":10647,"href":"https:\/\/www.hotelpezzotti.com\/de\/wp-json\/wp\/v2\/pages\/7089\/revisions\/10647"}],"wp:attachment":[{"href":"https:\/\/www.hotelpezzotti.com\/de\/wp-json\/wp\/v2\/media?parent=7089"}],"curies":[{"name":"wp","href":"https:\/\/api.w.org\/{rel}","templated":true}]}}